{"id":11,"date":"2021-06-12T06:25:44","date_gmt":"2021-06-12T06:25:44","guid":{"rendered":"https:\/\/bahainsaat.com\/services\/"},"modified":"2025-05-16T11:06:49","modified_gmt":"2025-05-16T11:06:49","slug":"hizmetlerimiz","status":"publish","type":"page","link":"https:\/\/bahainsaat.com\/?page_id=11","title":{"rendered":"Hizmetlerimiz"},"content":{"rendered":"\t\t<div data-elementor-type=\"wp-page\" data-elementor-id=\"11\" class=\"elementor elementor-11\">\n\t\t\t\t\t\t\t\t\t<section class=\"elementor-section elementor-top-section elementor-element elementor-element-623ea53 elementor-section-boxed elementor-section-height-default elementor-section-height-default wpr-particle-no wpr-jarallax-no wpr-parallax-no wpr-sticky-section-no\" data-id=\"623ea53\" data-element_type=\"section\" data-settings=\"{&quot;background_background&quot;:&quot;classic&quot;}\">\n\t\t\t\t\t\t\t<div class=\"elementor-background-overlay\"><\/div>\n\t\t\t\t\t\t\t<div class=\"elementor-container elementor-column-gap-no\">\n\t\t\t\t\t<div class=\"elementor-column elementor-col-100 elementor-top-column elementor-element elementor-element-21ddeff\" data-id=\"21ddeff\" data-element_type=\"column\">\n\t\t\t<div class=\"elementor-widget-wrap elementor-element-populated\">\n\t\t\t\t\t\t\t\t<div class=\"elementor-element elementor-element-a09d3bc elementor-widget elementor-widget-heading\" data-id=\"a09d3bc\" data-element_type=\"widget\" data-widget_type=\"heading.default\">\n\t\t\t\t<div class=\"elementor-widget-container\">\n\t\t\t<style>\/*! elementor - v3.6.6 - 08-06-2022 *\/\n.elementor-heading-title{padding:0;margin:0;line-height:1}.elementor-widget-heading .elementor-heading-title[class*=elementor-size-]>a{color:inherit;font-size:inherit;line-height:inherit}.elementor-widget-heading .elementor-heading-title.elementor-size-small{font-size:15px}.elementor-widget-heading .elementor-heading-title.elementor-size-medium{font-size:19px}.elementor-widget-heading .elementor-heading-title.elementor-size-large{font-size:29px}.elementor-widget-heading .elementor-heading-title.elementor-size-xl{font-size:39px}.elementor-widget-heading .elementor-heading-title.elementor-size-xxl{font-size:59px}<\/style><h1 class=\"elementor-heading-title elementor-size-default\">Hizmetlerimiz<\/h1>\t\t<\/div>\n\t\t\t\t<\/div>\n\t\t\t\t\t<\/div>\n\t\t<\/div>\n\t\t\t\t\t\t\t<\/div>\n\t\t<\/section>\n\t\t\t\t<section class=\"elementor-section elementor-top-section elementor-element elementor-element-e6eecd6 elementor-section-boxed elementor-section-height-default elementor-section-height-default wpr-particle-no wpr-jarallax-no wpr-parallax-no wpr-sticky-section-no\" data-id=\"e6eecd6\" data-element_type=\"section\" data-settings=\"{&quot;background_background&quot;:&quot;classic&quot;}\">\n\t\t\t\t\t\t\t<div class=\"elementor-background-overlay\"><\/div>\n\t\t\t\t\t\t\t<div class=\"elementor-container elementor-column-gap-no\">\n\t\t\t\t\t<div class=\"elementor-column elementor-col-100 elementor-top-column elementor-element elementor-element-75764c5\" data-id=\"75764c5\" data-element_type=\"column\">\n\t\t\t<div class=\"elementor-widget-wrap elementor-element-populated\">\n\t\t\t\t\t\t\t\t<div class=\"elementor-element elementor-element-a3030da elementor-widget elementor-widget-heading\" data-id=\"a3030da\" data-element_type=\"widget\" data-widget_type=\"heading.default\">\n\t\t\t\t<div class=\"elementor-widget-container\">\n\t\t\t<h6 class=\"elementor-heading-title elementor-size-default\">Hizmetlerimiz<\/h6>\t\t<\/div>\n\t\t\t\t<\/div>\n\t\t\t\t<div class=\"elementor-element elementor-element-1dbc89b elementor-widget elementor-widget-heading\" data-id=\"1dbc89b\" data-element_type=\"widget\" data-widget_type=\"heading.default\">\n\t\t\t\t<div class=\"elementor-widget-container\">\n\t\t\t<h2 class=\"elementor-heading-title elementor-size-default\">Size Sundu\u011fumuz Projeler<\/h2>\t\t<\/div>\n\t\t\t\t<\/div>\n\t\t\t\t<div class=\"elementor-element elementor-element-b9529bc elementor-widget__width-initial elementor-widget-tablet__width-initial elementor-widget-mobile__width-inherit elementor-position-top elementor-vertical-align-top elementor-widget elementor-widget-image-box\" data-id=\"b9529bc\" data-element_type=\"widget\" data-widget_type=\"image-box.default\">\n\t\t\t\t<div class=\"elementor-widget-container\">\n\t\t\t<style>\/*! elementor - v3.6.6 - 08-06-2022 *\/\n.elementor-widget-image-box .elementor-image-box-content{width:100%}@media (min-width:768px){.elementor-widget-image-box.elementor-position-left .elementor-image-box-wrapper,.elementor-widget-image-box.elementor-position-right .elementor-image-box-wrapper{display:-webkit-box;display:-ms-flexbox;display:flex}.elementor-widget-image-box.elementor-position-right .elementor-image-box-wrapper{text-align:right;-webkit-box-orient:horizontal;-webkit-box-direction:reverse;-ms-flex-direction:row-reverse;flex-direction:row-reverse}.elementor-widget-image-box.elementor-position-left .elementor-image-box-wrapper{text-align:left;-webkit-box-orient:horizontal;-webkit-box-direction:normal;-ms-flex-direction:row;flex-direction:row}.elementor-widget-image-box.elementor-position-top .elementor-image-box-img{margin:auto}.elementor-widget-image-box.elementor-vertical-align-top .elementor-image-box-wrapper{-webkit-box-align:start;-ms-flex-align:start;align-items:flex-start}.elementor-widget-image-box.elementor-vertical-align-middle .elementor-image-box-wrapper{-webkit-box-align:center;-ms-flex-align:center;align-items:center}.elementor-widget-image-box.elementor-vertical-align-bottom .elementor-image-box-wrapper{-webkit-box-align:end;-ms-flex-align:end;align-items:flex-end}}@media (max-width:767px){.elementor-widget-image-box .elementor-image-box-img{margin-left:auto!important;margin-right:auto!important;margin-bottom:15px}}.elementor-widget-image-box .elementor-image-box-img{display:inline-block}.elementor-widget-image-box .elementor-image-box-title a{color:inherit}.elementor-widget-image-box .elementor-image-box-wrapper{text-align:center}.elementor-widget-image-box .elementor-image-box-description{margin:0}<\/style><div class=\"elementor-image-box-wrapper\"><figure class=\"elementor-image-box-img\"><a href=\"https:\/\/bahainsaat.com\/erkilet-projesi\/\"><img decoding=\"async\" src=\"https:\/\/bahainsaat.com\/wp-content\/uploads\/elementor\/thumbs\/161c2a14-7945-4ebc-887e-d6b3bb23d044-pxtzb4zp7fr5i3embaemt27xhtpir38dncred9nn28.jpeg\" title=\"161c2a14-7945-4ebc-887e-d6b3bb23d044\" alt=\"Baha \u0130n\u015faat Serkent Projesi\" \/><\/a><\/figure><div class=\"elementor-image-box-content\"><h4 class=\"elementor-image-box-title\"><a href=\"https:\/\/bahainsaat.com\/erkilet-projesi\/\">Erkilet Projesi<\/a><\/h4><p class=\"elementor-image-box-description\">Merkeze yak\u0131n , kolay ula\u015f\u0131m imkan\u0131 sunan erkilet projesi geni\u015f ev portf\u00f6y\u00fc ve ekonomik b\u00fct\u00e7esiyle muhte\u015fem bir konfor sa\u011flamaktad\u0131r. Dar alanlar\u0131n\u0131z\u0131 geni\u015fletecek , rahatl\u0131k sa\u011flayacak yepyeni projemizi inceleyin.\n<\/p><\/div><\/div>\t\t<\/div>\n\t\t\t\t<\/div>\n\t\t\t\t<div class=\"elementor-element elementor-element-1ee8e7c elementor-widget__width-initial elementor-widget-tablet__width-initial elementor-widget-mobile__width-inherit elementor-position-top elementor-vertical-align-top elementor-widget elementor-widget-image-box\" data-id=\"1ee8e7c\" data-element_type=\"widget\" data-widget_type=\"image-box.default\">\n\t\t\t\t<div class=\"elementor-widget-container\">\n\t\t\t<div class=\"elementor-image-box-wrapper\"><figure class=\"elementor-image-box-img\"><a href=\"https:\/\/bahainsaat.com\/kusadasi-projesi\/\"><img decoding=\"async\" src=\"https:\/\/bahainsaat.com\/wp-content\/uploads\/elementor\/thumbs\/Baha-Insaat4-pxsp4h728dp2x8ii33eqt4mduer497l0py2va4wfb4.jpeg\" title=\"Baha I\u0307ns\u0327aat4\" alt=\"Baha I\u0307ns\u0327aat4\" \/><\/a><\/figure><div class=\"elementor-image-box-content\"><h4 class=\"elementor-image-box-title\"><a href=\"https:\/\/bahainsaat.com\/kusadasi-projesi\/\">Ku\u015fadas\u0131 Projesi<\/a><\/h4><p class=\"elementor-image-box-description\">Sakin ve rahat ya\u015fam alanlar\u0131 sunmaya haz\u0131rlanan ku\u015fadas\u0131 projemiz , do\u011fa ile i\u00e7 i\u00e7e ya\u015famay\u0131 sevenlere muhte\u015fem fikir olanaklar\u0131 sunmaktad\u0131r. Ya\u015fam alanlar\u0131n\u0131z\u0131 geni\u015fletmek i\u00e7in projemizi inceleyin.\n<\/p><\/div><\/div>\t\t<\/div>\n\t\t\t\t<\/div>\n\t\t\t\t<div class=\"elementor-element elementor-element-cd7a0c6 elementor-widget__width-initial elementor-widget-tablet__width-initial elementor-widget-mobile__width-inherit elementor-position-top elementor-vertical-align-top elementor-widget elementor-widget-image-box\" data-id=\"cd7a0c6\" data-element_type=\"widget\" data-widget_type=\"image-box.default\">\n\t\t\t\t<div class=\"elementor-widget-container\">\n\t\t\t<div class=\"elementor-image-box-wrapper\"><figure class=\"elementor-image-box-img\"><a href=\"https:\/\/bahainsaat.com\/serkent-projesi\/\"><img decoding=\"async\" src=\"https:\/\/bahainsaat.com\/wp-content\/uploads\/elementor\/thumbs\/Baha-Insaat24-1-pxsptmdn1u47hpzo9goh0a79wgtl5qej6ebgflmav4.jpeg\" title=\"Baha I\u0307ns\u0327aat24\" alt=\"Baha \u0130n\u015faat Serkent Projesi\" \/><\/a><\/figure><div class=\"elementor-image-box-content\"><h4 class=\"elementor-image-box-title\"><a href=\"https:\/\/bahainsaat.com\/serkent-projesi\/\">Serkent Projesi<\/a><\/h4><p class=\"elementor-image-box-description\">\u015eehrin merkezinde konfor ya\u015famak isteyenlerin tercihi olan konut projemiz , l\u00fcks severlerin portf\u00f6y\u00fcnde bulundurmas\u0131 gereken konfora sahiptir. L\u00fcks ya\u015famlara kap\u0131 aralayan projemiz kolay ula\u015f\u0131m imkan\u0131 da sunmaktad\u0131r.\n\n\n<\/p><\/div><\/div>\t\t<\/div>\n\t\t\t\t<\/div>\n\t\t\t\t<div class=\"elementor-element elementor-element-35d695d elementor-widget__width-initial elementor-widget-tablet__width-initial elementor-widget-mobile__width-inherit elementor-position-top elementor-vertical-align-top elementor-widget elementor-widget-image-box\" data-id=\"35d695d\" data-element_type=\"widget\" data-widget_type=\"image-box.default\">\n\t\t\t\t<div class=\"elementor-widget-container\">\n\t\t\t<div class=\"elementor-image-box-wrapper\"><figure class=\"elementor-image-box-img\"><a href=\"https:\/\/bahainsaat.com\/erkilet-kumluk-villa-projesi\/\"><img decoding=\"async\" src=\"https:\/\/bahainsaat.com\/wp-content\/uploads\/elementor\/thumbs\/WhatsApp-Image-2025-05-07-at-15.06.00-7-r5gk7dxl6nt90yec0d7gtq9txa2x5oyr3lfr56nx4w.jpeg\" title=\"WhatsApp Image 2025-05-07 at 15.06.00\" alt=\"WhatsApp Image 2025-05-07 at 15.06.00\" \/><\/a><\/figure><div class=\"elementor-image-box-content\"><h4 class=\"elementor-image-box-title\"><a href=\"https:\/\/bahainsaat.com\/erkilet-kumluk-villa-projesi\/\">Erkilet Kumluk Villa Projesi<\/a><\/h4><p class=\"elementor-image-box-description\">Estetik detaylar\u0131yla \u00f6ne \u00e7\u0131kan bu \u00f6zel villa, sadece bir yap\u0131 de\u011fil; huzurlu, g\u00fcvenli ve keyifli bir ya\u015fam\u0131n kap\u0131lar\u0131n\u0131 aral\u0131yor. Farkl\u0131 boyut se\u00e7enekleriyle ihtiyac\u0131n\u0131za en uygun plan\u0131 sunarken, ula\u015f\u0131m a\u00e7\u0131s\u0131ndan avantajl\u0131 konumuyla da g\u00fcnl\u00fck ya\u015fam\u0131n\u0131z\u0131 kolayla\u015ft\u0131r\u0131yor.<\/p><\/div><\/div>\t\t<\/div>\n\t\t\t\t<\/div>\n\t\t\t\t<div class=\"elementor-element elementor-element-e21d4ff elementor-widget__width-initial elementor-widget-tablet__width-initial elementor-widget-mobile__width-inherit elementor-position-top elementor-vertical-align-top elementor-widget elementor-widget-image-box\" data-id=\"e21d4ff\" data-element_type=\"widget\" data-widget_type=\"image-box.default\">\n\t\t\t\t<div class=\"elementor-widget-container\">\n\t\t\t<div class=\"elementor-image-box-wrapper\"><figure class=\"elementor-image-box-img\"><a href=\"https:\/\/bahainsaat.com\/erkilet-general-emir-12-daire-21-projesi\/\"><img decoding=\"async\" src=\"https:\/\/bahainsaat.com\/wp-content\/uploads\/elementor\/thumbs\/WhatsApp-Image-2025-05-07-at-15.06.01-r5gzluy8oeudo4zua1gtnt6gvt5lq26lzzayh8jips.jpeg\" title=\"WhatsApp Image 2025-05-07 at 15.06.01\" alt=\"WhatsApp Image 2025-05-07 at 15.06.01\" \/><\/a><\/figure><div class=\"elementor-image-box-content\"><h4 class=\"elementor-image-box-title\"><a href=\"https:\/\/bahainsaat.com\/erkilet-general-emir-12-daire-21-projesi\/\">Erkilet General Emir 12 Daire 2+1 Projesi <\/a><\/h4><p class=\"elementor-image-box-description\">Ailenizin ihtiya\u00e7lar\u0131na uygun planlamas\u0131, ferah i\u00e7 mek\u00e2nlar\u0131 ve kullan\u0131\u015fl\u0131 yap\u0131s\u0131yla her an\u0131n\u0131z\u0131 konforla ya\u015faman\u0131z i\u00e7in tasarland\u0131. \u015eehrin geli\u015fen b\u00f6lgelerinden biri olan Erkilet\u2019te yer alan projemiz, ula\u015f\u0131m a\u00e7\u0131s\u0131ndan avantajl\u0131 konumuyla da g\u00fcnl\u00fck ya\u015fam\u0131n\u0131za pratiklik kazand\u0131r\u0131yor.<\/p><\/div><\/div>\t\t<\/div>\n\t\t\t\t<\/div>\n\t\t\t\t<div class=\"elementor-element elementor-element-f486382 elementor-widget__width-initial elementor-widget-tablet__width-initial elementor-widget-mobile__width-inherit elementor-position-top elementor-vertical-align-top elementor-widget elementor-widget-image-box\" data-id=\"f486382\" data-element_type=\"widget\" data-widget_type=\"image-box.default\">\n\t\t\t\t<div class=\"elementor-widget-container\">\n\t\t\t<div class=\"elementor-image-box-wrapper\"><figure class=\"elementor-image-box-img\"><a href=\"https:\/\/bahainsaat.com\/erkilet-general-emir-12-daire-31-projesi\/\"><img decoding=\"async\" src=\"https:\/\/bahainsaat.com\/wp-content\/uploads\/elementor\/thumbs\/WhatsApp-Image-2025-05-07-at-15.06.01-4-1-e1746685232468-r5htqe4g5thjf3ngdc3d2mrrdlmrxsparx2dfmhthc.jpeg\" title=\"WhatsApp Image 2025-05-07 at 15.06.01 (4)\" alt=\"WhatsApp Image 2025-05-07 at 15.06.01 (4)\" \/><\/a><\/figure><div class=\"elementor-image-box-content\"><h4 class=\"elementor-image-box-title\"><a href=\"https:\/\/bahainsaat.com\/erkilet-general-emir-12-daire-31-projesi\/\">Erkilet General Emir 12 Daire 3+1 Projesi<\/a><\/h4><p class=\"elementor-image-box-description\">\u0130\u00e7 dekorasyonda ki\u015fisel zevklere g\u00f6re \u00f6zelle\u015ftirme imk\u00e2n\u0131 sunarak, evinizi tam anlam\u0131yla size \u00f6zel bir ya\u015fam alan\u0131na d\u00f6n\u00fc\u015ft\u00fcr\u00fcyoruz. Hayalinizdeki 3+1 eve b\u00fct\u00e7enize uygun cazip ko\u015fullarla sahip olmak i\u00e7in hemen bizimle ileti\u015fime ge\u00e7in; siz de yeni bir ba\u015flang\u0131\u00e7 yap\u0131n.<\/p><\/div><\/div>\t\t<\/div>\n\t\t\t\t<\/div>\n\t\t\t\t\t<\/div>\n\t\t<\/div>\n\t\t\t\t\t\t\t<\/div>\n\t\t<\/section>\n\t\t\t\t\t\t\t<\/div>\n\t\t","protected":false},"excerpt":{"rendered":"<p>Hizmetlerimiz Hizmetlerimiz Size Sundu\u011fumuz Projeler Erkilet Projesi Merkeze yak\u0131n , kolay ula\u015f\u0131m imkan\u0131 sunan erkilet projesi geni\u015f ev portf\u00f6y\u00fc ve ekonomik b\u00fct\u00e7esiyle muhte\u015fem bir konfor sa\u011flamaktad\u0131r. Dar alanlar\u0131n\u0131z\u0131 geni\u015fletecek , rahatl\u0131k sa\u011flayacak yepyeni projemizi inceleyin. Ku\u015fadas\u0131 Projesi Sakin ve rahat ya\u015fam alanlar\u0131 sunmaya haz\u0131rlanan ku\u015fadas\u0131 projemiz , do\u011fa ile i\u00e7 i\u00e7e ya\u015famay\u0131 sevenlere muhte\u015fem fikir &hellip;<\/p>\n<p class=\"read-more\"> <a class=\"\" href=\"https:\/\/bahainsaat.com\/?page_id=11\"> <span class=\"screen-reader-text\">Hizmetlerimiz<\/span> Read More \u00bb<\/a><\/p>\n","protected":false},"author":1,"featured_media":0,"parent":0,"menu_order":0,"comment_status":"closed","ping_status":"closed","template":"","meta":{"site-sidebar-layout":"no-sidebar","site-content-layout":"page-builder","ast-global-header-display":"","ast-main-header-display":"","ast-hfb-above-header-display":"","ast-hfb-below-header-display":"","ast-hfb-mobile-header-display":"","site-post-title":"disabled","ast-breadcrumbs-content":"disabled","ast-featured-img":"disabled","footer-sml-layout":"","theme-transparent-header-meta":"enabled","adv-header-id-meta":"","stick-header-meta":"","header-above-stick-meta":"","header-main-stick-meta":"","header-below-stick-meta":"","_joinchat":[],"footnotes":""},"class_list":["post-11","page","type-page","status-publish","hentry"],"_links":{"self":[{"href":"https:\/\/bahainsaat.com\/index.php?rest_route=\/wp\/v2\/pages\/11","targetHints":{"allow":["GET"]}}],"collection":[{"href":"https:\/\/bahainsaat.com\/index.php?rest_route=\/wp\/v2\/pages"}],"about":[{"href":"https:\/\/bahainsaat.com\/index.php?rest_route=\/wp\/v2\/types\/page"}],"author":[{"embeddable":true,"href":"https:\/\/bahainsaat.com\/index.php?rest_route=\/wp\/v2\/users\/1"}],"replies":[{"embeddable":true,"href":"https:\/\/bahainsaat.com\/index.php?rest_route=%2Fwp%2Fv2%2Fcomments&post=11"}],"version-history":[{"count":19,"href":"https:\/\/bahainsaat.com\/index.php?rest_route=\/wp\/v2\/pages\/11\/revisions"}],"predecessor-version":[{"id":1638,"href":"https:\/\/bahainsaat.com\/index.php?rest_route=\/wp\/v2\/pages\/11\/revisions\/1638"}],"wp:attachment":[{"href":"https:\/\/bahainsaat.com\/index.php?rest_route=%2Fwp%2Fv2%2Fmedia&parent=11"}],"curies":[{"name":"wp","href":"https:\/\/api.w.org\/{rel}","templated":true}]}}